{"id":29,"date":"2021-01-05T16:17:58","date_gmt":"2021-01-05T15:17:58","guid":{"rendered":"http:\/\/www.hermestraduction.com\/?page_id=29"},"modified":"2025-08-18T12:31:13","modified_gmt":"2025-08-18T10:31:13","slug":"nos-engagements","status":"publish","type":"page","link":"https:\/\/www.hermestraduction.com\/index.php\/nos-engagements\/","title":{"rendered":"Nos engagements"},"content":{"rendered":"\n<p>Chez Herm\u00e8s Traduction, nous avons conscience que fournir des services de qualit\u00e9 \u00e0 nos clients n&rsquo;est pas le seul gage d&rsquo;une entreprise vertueuse. C&rsquo;est pourquoi nous avons pris des engagements forts en mati\u00e8re d&rsquo;\u00e9thique et d&rsquo;engagements sociaux et environnementaux.<\/p>\n\n\n\n<p><strong><span style=\"color:#9bc472\" class=\"has-inline-color\">Notre positionnement \u00e9thique :<\/span><\/strong><br>Nous pensons que chaque entreprise et chaque client peuvent contribuer, \u00e0 leur \u00e9chelle, \u00e0 rendre le <span style=\"color:#9bc472\" class=\"has-inline-color\">monde meilleur<\/span>. Partant de ce principe, nous nous engageons \u00e0 ne pas travailler pour des entreprises reconnues coupables de toutes sortes de discrimination (racisme, sexisme, LGBT-phobies, handiphobie&#8230;) ou complices de maltraitance humaine et animale, ainsi que de destruction environnementale \u00e0 grande \u00e9chelle tant que celles-ci ne changent pas leurs m\u00e9thodes de fonctionnement.<br>Parce que le monde est <span style=\"color:#9bc472\" class=\"has-inline-color\">divers<\/span>, nous avons \u00e9galement travaill\u00e9 \u00e0 rendre ce site et nos services accessibles \u00e0 tous.<br>Fid\u00e8les \u00e0 la qualit\u00e9 en traduction, nous nous engageons \u00e0 traduire <span style=\"color:#9bc472\" class=\"has-inline-color\">exclusivement <\/span>de nos langues de travail vers notre langue maternelle.<br><br>Nous comprenons \u00e9galement que la confidentialit\u00e9 de vos documents est une priorit\u00e9 pour vous. Nous nous engageons <span style=\"color:#9bc472\" class=\"has-inline-color\">\u00e0 assurer la s\u00e9curit\u00e9 de vos documents<\/span>, et pourrons m\u00eame vous proposer des accords de confidentialit\u00e9 l\u00e9galement contraignants si vous le souhaitez.<\/p>\n\n\n\n<p><\/p>\n\n\n\n<p><strong><span style=\"color:#9bc472\" class=\"has-inline-color\">Nos engagements environnementaux :<\/span><\/strong><br>Chez Herm\u00e8s Traduction, nous sommes convaincus que notre d\u00e9veloppement \u00e9conomique ne doit pas se faire au <span style=\"color:#9bc472\" class=\"has-inline-color\">d\u00e9triment de notre biosph\u00e8re<\/span>. <br><br>Nous avons \u00e9galement pris des engagements concrets pour limiter notre impact environnemental au maximum : privil\u00e9gier les visio-conf\u00e9rences aux d\u00e9placements professionnels ; organiser ceux-ci en transports en commun lorsque n\u00e9cessaires ; r\u00e9duire au maximum notre empreinte carbone \u00e0 tous les niveaux.<br><\/p>\n\n\n\n<p><\/p>\n\n\n\n<p><span style=\"color:#9bc472\" class=\"has-inline-color\"><strong>Nos engagements sociaux<\/strong> :<\/span><br>Nous sommes persuad\u00e9s que la r\u00e9ussite professionnelle de l&rsquo;un ne doit pas se faire <span style=\"color:#9bc472\" class=\"has-inline-color\">au d\u00e9triment des autres<\/span>. Nous nous engageons \u00e0 r\u00e9mun\u00e9rer justement nos collaborateurs et \u00e0 ne pas avoir recours \u00e0 de la sous-traitance pr\u00e9caire, et ce \u00e0 tous les niveaux.<\/p>\n\n\n\n<p>Nous nous sommes \u00e9galement engag\u00e9s aupr\u00e8s de <span style=\"color:#9bc472\" class=\"has-inline-color\">Traducteurs sans Fronti\u00e8re<\/span> (<a href=\"https:\/\/translatorswithoutborders.org\/\" data-type=\"URL\" data-id=\"https:\/\/translatorswithoutborders.org\/\">Translators without Borders<\/a>) pour venir en aide \u00e0 ceux dans le besoin.<\/p>\n\n\n\n<p><\/p>\n","protected":false},"excerpt":{"rendered":"<p>Chez Herm\u00e8s Traduction, nous avons conscience que fournir des services de qualit\u00e9 \u00e0 nos clients n&rsquo;est pas le seul gage d&rsquo;une entreprise vertueuse. C&rsquo;est pourquoi nous avons pris des engagements forts en mati\u00e8re d&rsquo;\u00e9thique et d&rsquo;engagements sociaux et environnementaux. Notre positionnement \u00e9thique :Nous pensons que chaque entreprise et chaque client peuvent contribuer, \u00e0 leur \u00e9chelle, [&hellip;]<\/p>\n","protected":false},"author":1,"featured_media":0,"parent":0,"menu_order":0,"comment_status":"closed","ping_status":"closed","template":"","meta":{"footnotes":""},"class_list":["post-29","page","type-page","status-publish","hentry"],"_links":{"self":[{"href":"https:\/\/www.hermestraduction.com\/index.php\/wp-json\/wp\/v2\/pages\/29","targetHints":{"allow":["GET"]}}],"collection":[{"href":"https:\/\/www.hermestraduction.com\/index.php\/wp-json\/wp\/v2\/pages"}],"about":[{"href":"https:\/\/www.hermestraduction.com\/index.php\/wp-json\/wp\/v2\/types\/page"}],"author":[{"embeddable":true,"href":"https:\/\/www.hermestraduction.com\/index.php\/wp-json\/wp\/v2\/users\/1"}],"replies":[{"embeddable":true,"href":"https:\/\/www.hermestraduction.com\/index.php\/wp-json\/wp\/v2\/comments?post=29"}],"version-history":[{"count":18,"href":"https:\/\/www.hermestraduction.com\/index.php\/wp-json\/wp\/v2\/pages\/29\/revisions"}],"predecessor-version":[{"id":437,"href":"https:\/\/www.hermestraduction.com\/index.php\/wp-json\/wp\/v2\/pages\/29\/revisions\/437"}],"wp:attachment":[{"href":"https:\/\/www.hermestraduction.com\/index.php\/wp-json\/wp\/v2\/media?parent=29"}],"curies":[{"name":"wp","href":"https:\/\/api.w.org\/{rel}","templated":true}]}}