{"id":8,"date":"2021-01-05T16:03:09","date_gmt":"2021-01-05T15:03:09","guid":{"rendered":"http:\/\/www.hermestraduction.com\/?page_id=8"},"modified":"2023-01-24T15:50:07","modified_gmt":"2023-01-24T14:50:07","slug":"contact","status":"publish","type":"page","link":"https:\/\/www.hermestraduction.com\/index.php\/contact\/","title":{"rendered":"Contact"},"content":{"rendered":"\n<p>Pour toute information ou demande de devis, n&rsquo;h\u00e9sitez pas \u00e0 nous contacter par mail ou par t\u00e9l\u00e9phone. <br>Nous nous engageons \u00e0 vous r\u00e9pondre en un jour ouvr\u00e9 maximum. <br>Pour toute demande urgente, nous vous invitons \u00e0 pr\u00e9ciser <strong>URGENT <\/strong>dans l&rsquo;objet du mail.<br><\/p>\n\n\n\n<p><strong><span style=\"color:#9bc472\" class=\"has-inline-color\">Adresse mail :<\/span><\/strong><br><a href=\"mailto:maximilien.dusautois@hermestraduction.com\" target=\"_blank\" rel=\"noreferrer noopener\">maximilien.dusautois@hermestraduction.com<\/a><\/p>\n\n\n\n<p><strong><span style=\"color:#9bc472\" class=\"has-inline-color\">T\u00e9l\u00e9phone :<\/span><\/strong><br>(+33)06.80.46.72.00<\/p>\n\n\n\n<p><span style=\"color:#9bc472\" class=\"has-inline-color\"><strong>Horaires<\/strong> :<\/span><br>Lundi &#8211; Vendredi : 09h00 &#8211; 18h00<\/p>\n\n\n\n<div class=\"wp-block-group is-layout-flow wp-block-group-is-layout-flow\"><div class=\"wp-block-group__inner-container\"><\/div><\/div>\n\n\n\n<p><\/p>\n","protected":false},"excerpt":{"rendered":"<p>Pour toute information ou demande de devis, n&rsquo;h\u00e9sitez pas \u00e0 nous contacter par mail ou par t\u00e9l\u00e9phone. Nous nous engageons \u00e0 vous r\u00e9pondre en un jour ouvr\u00e9 maximum. Pour toute demande urgente, nous vous invitons \u00e0 pr\u00e9ciser URGENT dans l&rsquo;objet du mail. Adresse mail :maximilien.dusautois@hermestraduction.com T\u00e9l\u00e9phone :(+33)06.80.46.72.00 Horaires :Lundi &#8211; Vendredi : 09h00 &#8211; 18h00<\/p>\n","protected":false},"author":1,"featured_media":0,"parent":0,"menu_order":0,"comment_status":"closed","ping_status":"closed","template":"","meta":{"footnotes":""},"class_list":["post-8","page","type-page","status-publish","hentry"],"_links":{"self":[{"href":"https:\/\/www.hermestraduction.com\/index.php\/wp-json\/wp\/v2\/pages\/8","targetHints":{"allow":["GET"]}}],"collection":[{"href":"https:\/\/www.hermestraduction.com\/index.php\/wp-json\/wp\/v2\/pages"}],"about":[{"href":"https:\/\/www.hermestraduction.com\/index.php\/wp-json\/wp\/v2\/types\/page"}],"author":[{"embeddable":true,"href":"https:\/\/www.hermestraduction.com\/index.php\/wp-json\/wp\/v2\/users\/1"}],"replies":[{"embeddable":true,"href":"https:\/\/www.hermestraduction.com\/index.php\/wp-json\/wp\/v2\/comments?post=8"}],"version-history":[{"count":13,"href":"https:\/\/www.hermestraduction.com\/index.php\/wp-json\/wp\/v2\/pages\/8\/revisions"}],"predecessor-version":[{"id":421,"href":"https:\/\/www.hermestraduction.com\/index.php\/wp-json\/wp\/v2\/pages\/8\/revisions\/421"}],"wp:attachment":[{"href":"https:\/\/www.hermestraduction.com\/index.php\/wp-json\/wp\/v2\/media?parent=8"}],"curies":[{"name":"wp","href":"https:\/\/api.w.org\/{rel}","templated":true}]}}