{"id":89,"date":"2021-01-06T14:54:05","date_gmt":"2021-01-06T13:54:05","guid":{"rendered":"http:\/\/www.hermestraduction.com\/?page_id=89"},"modified":"2021-01-13T12:00:00","modified_gmt":"2021-01-13T11:00:00","slug":"conditions-generales-de-vente","status":"publish","type":"page","link":"https:\/\/www.hermestraduction.com\/index.php\/conditions-generales-de-vente\/","title":{"rendered":"Conditions G\u00e9n\u00e9rales de Vente"},"content":{"rendered":"\n<p>Si vous avez des question \u00e0 propos des CGV, n&rsquo;h\u00e9sitez pas \u00e0 nous <a href=\"http:\/\/www.hermestraduction.com\/index.php\/fr\/contact\" data-type=\"URL\" data-id=\"www.hermestraduction.com\/index.php\/fr\/contact\">contacter<\/a>.<\/p>\n\n\n\n<p>Vous trouverez ci-dessous les Conditions G\u00e9n\u00e9rales de Vente d&rsquo;Herm\u00e8s Traduction.<\/p>\n\n\n\n<div class=\"wp-block-file\"><a href=\"https:\/\/www.hermestraduction.com\/wp-content\/uploads\/2021\/01\/CGV-Hermes-Traduction.pdf\">CGV-Hermes-Traduction<\/a><a href=\"https:\/\/www.hermestraduction.com\/wp-content\/uploads\/2021\/01\/CGV-Hermes-Traduction.pdf\" class=\"wp-block-file__button\" download>T\u00e9l\u00e9charger<\/a><\/div>\n\n\n\n<p><\/p>\n","protected":false},"excerpt":{"rendered":"<p>Si vous avez des question \u00e0 propos des CGV, n&rsquo;h\u00e9sitez pas \u00e0 nous contacter. Vous trouverez ci-dessous les Conditions G\u00e9n\u00e9rales de Vente d&rsquo;Herm\u00e8s Traduction.<\/p>\n","protected":false},"author":1,"featured_media":0,"parent":0,"menu_order":0,"comment_status":"closed","ping_status":"closed","template":"","meta":{"footnotes":""},"class_list":["post-89","page","type-page","status-publish","hentry"],"_links":{"self":[{"href":"https:\/\/www.hermestraduction.com\/index.php\/wp-json\/wp\/v2\/pages\/89","targetHints":{"allow":["GET"]}}],"collection":[{"href":"https:\/\/www.hermestraduction.com\/index.php\/wp-json\/wp\/v2\/pages"}],"about":[{"href":"https:\/\/www.hermestraduction.com\/index.php\/wp-json\/wp\/v2\/types\/page"}],"author":[{"embeddable":true,"href":"https:\/\/www.hermestraduction.com\/index.php\/wp-json\/wp\/v2\/users\/1"}],"replies":[{"embeddable":true,"href":"https:\/\/www.hermestraduction.com\/index.php\/wp-json\/wp\/v2\/comments?post=89"}],"version-history":[{"count":5,"href":"https:\/\/www.hermestraduction.com\/index.php\/wp-json\/wp\/v2\/pages\/89\/revisions"}],"predecessor-version":[{"id":361,"href":"https:\/\/www.hermestraduction.com\/index.php\/wp-json\/wp\/v2\/pages\/89\/revisions\/361"}],"wp:attachment":[{"href":"https:\/\/www.hermestraduction.com\/index.php\/wp-json\/wp\/v2\/media?parent=89"}],"curies":[{"name":"wp","href":"https:\/\/api.w.org\/{rel}","templated":true}]}}